{"id":1523,"date":"2024-04-15T11:25:00","date_gmt":"2024-04-15T09:25:00","guid":{"rendered":"https:\/\/www.alsace.com\/learn-and-study-in-alsace\/test-spantest-span\/student-spanlife-span\/"},"modified":"2025-12-03T11:21:21","modified_gmt":"2025-12-03T10:21:21","slug":"student-life","status":"publish","type":"page","link":"https:\/\/www.alsace.com\/en\/learn-and-study-in-alsace\/higher-education\/student-life\/","title":{"rendered":"Student &lt;span&gt;life&lt;\/span&gt;"},"content":{"rendered":"\n<p class=\"is-style-exergue\">Looking for useful information and ways to get organized for your upcoming studies&nbsp;? Explore our practical tips and smart ideas to make your student life in Alsace easier. <\/p>\n\n\n\n<p>For even more details on how to settle in Alsace, be sure to check out our dedicated pages, in addition to this section focused on student life.<\/p>\n\n\n\n<div class=\"wp-block-buttons is-layout-flex wp-block-buttons-is-layout-flex\">\n<div class=\"wp-block-button is-style-btn--jaune\"><a class=\"wp-block-button__link wp-element-button\" href=\"https:\/\/www.alsace.com\/en\/live-and-work-in-alsace\/first-steps-in-alsace\/\">First steps in Alsace<\/a><\/div>\n<\/div>\n\n\n\n<div class=\"wp-block-buttons is-layout-flex wp-block-buttons-is-layout-flex\">\n<div class=\"wp-block-button is-style-btn--jaune\"><a class=\"wp-block-button__link wp-element-button\" href=\"https:\/\/www.alsace.com\/en\/live-and-work-in-alsace\/find-your-housing\/\">Find your housing<\/a><\/div>\n<\/div>\n\n\n\n<div style=\"height:25px\" aria-hidden=\"true\" class=\"wp-block-spacer\"><\/div>\n\n\n\n<div class=\"wp-block-group is-style-decor-double is-layout-constrained wp-block-group-is-layout-constrained\">\n<h2 class=\"wp-block-heading\">Administrative Procedures and Student Benefits<\/h2>\n<\/div>\n\n\n\n<h3 class=\"wp-block-heading has-rougemoyen-color has-text-color has-link-color wp-elements-bec8fb200bc0aef10a1a5efcd1ff9dcf\">Financial Aid<\/h3>\n\n\n\n<div class=\"wp-block-columns is-layout-flex wp-container-core-columns-is-layout-28f84493 wp-block-columns-is-layout-flex\">\n<div class=\"wp-block-column is-layout-flow wp-block-column-is-layout-flow\">\n<p>Various financial aids are available to help fund your studies. The primary support is the need-based scholarship, which requires submitting a request through CROUS by completing the Dossier Social \u00c9tudiant (DES).  <\/p>\n\n\n\n<p>Other forms of aid include merit-based scholarships, emergency funds, and additional specific supports. For more information, visit the <a href=\"http:\/\/www.crous-strasbourg.fr\"><mark style=\"background-color:rgba(0, 0, 0, 0)\" class=\"has-inline-color has-rouge-color\">CROUS Strasbourg<\/mark><\/a> website, your main point of contact even if you&#8217;re studying elsewhere in Alsace!<\/p>\n<\/div>\n\n\n\n<div class=\"wp-block-column is-layout-flow wp-block-column-is-layout-flow\" style=\"flex-basis:30%\">\n<figure class=\"wp-block-image size-large\"><img loading=\"lazy\" decoding=\"async\" width=\"1024\" height=\"1024\" src=\"https:\/\/www.alsace.com\/wp-content\/uploads\/2024\/11\/logo-crous-strasbourg-1024x1024.jpg\" alt=\"\" class=\"wp-image-2006\" srcset=\"https:\/\/www.alsace.com\/wp-content\/uploads\/2024\/11\/logo-crous-strasbourg-1024x1024.jpg 1024w, https:\/\/www.alsace.com\/wp-content\/uploads\/2024\/11\/logo-crous-strasbourg-300x300.jpg 300w, https:\/\/www.alsace.com\/wp-content\/uploads\/2024\/11\/logo-crous-strasbourg-150x150.jpg 150w, https:\/\/www.alsace.com\/wp-content\/uploads\/2024\/11\/logo-crous-strasbourg-768x768.jpg 768w, https:\/\/www.alsace.com\/wp-content\/uploads\/2024\/11\/logo-crous-strasbourg.jpg 1181w\" sizes=\"auto, (max-width: 1024px) 100vw, 1024px\" \/><\/figure>\n<\/div>\n<\/div>\n\n\n\n<div style=\"height:10px\" aria-hidden=\"true\" class=\"wp-block-spacer\"><\/div>\n\n\n\n<h3 class=\"wp-block-heading has-rougemoyen-color has-text-color has-link-color wp-elements-8d6f3e9f974538c5a42180bd33c3787f\">Healthcare<\/h3>\n\n\n\n<p>When enrolling in university, you&#8217;ll need to choose a student health insurance provider: <a href=\"http:\/\/www.mgel.fr\" target=\"_blank\" rel=\"noreferrer noopener\"><mark style=\"background-color:rgba(0, 0, 0, 0)\" class=\"has-inline-color has-rouge-color\">MGEL<\/mark><\/a> or <a href=\"http:\/\/www.lmde.com\" target=\"_blank\" rel=\"noreferrer noopener\"><mark style=\"background-color:rgba(0, 0, 0, 0)\" class=\"has-inline-color has-rouge-color\">LMDE<\/mark><\/a>. This insurance ensures reimbursement for your medical expenses. <\/p>\n\n\n\n<div style=\"height:10px\" aria-hidden=\"true\" class=\"wp-block-spacer\"><\/div>\n\n\n\n<h3 class=\"wp-block-heading has-rougemoyen-color has-text-color has-link-color wp-elements-1fa996dc095929bd6dfc5b063c0d1268\">Housing<\/h3>\n\n\n\n<p>Looking for accommodation for your studies? The <a href=\"http:\/\/www.crous-strasbourg.fr\" target=\"_blank\" rel=\"noreferrer noopener\"><mark style=\"background-color:rgba(0, 0, 0, 0)\" class=\"has-inline-color has-rouge-color\">CROUS Strasbourg<\/mark><\/a> offers affordable housing options in student cities across Alsace. Applications are submitted through the Dossier Social \u00c9tudiant (DSE) in spring, with places allocated based on your family&#8217;s income. <\/p>\n\n\n\n<p>Other options include finding a private studio or shared accommodation, which can be done easily through websites like <a href=\"http:\/\/www.lacartedescolocs.fr\" target=\"_blank\" rel=\"noreferrer noopener\"><mark style=\"background-color:rgba(0, 0, 0, 0)\" class=\"has-inline-color has-rouge-color\">la Carte des Colocs<\/mark><\/a>.<\/p>\n\n\n\n<p>Additionally, the Family Allowance Fund (CAF) offers <a href=\"https:\/\/www.caf.fr\/allocataires\/aides-et-demarches\/droits-et-prestations\/logement\/les-aides-personnelles-au-logement\" target=\"_blank\" rel=\"noreferrer noopener\"><mark style=\"background-color:rgba(0, 0, 0, 0)\" class=\"has-inline-color has-rouge-color\">Personalized Housing Assistance<\/mark><\/a> (APL) to help finance your accommodation.<\/p>\n\n\n\n<div style=\"height:10px\" aria-hidden=\"true\" class=\"wp-block-spacer\"><\/div>\n\n\n\n<div class=\"wp-block-group is-style-decor-gauche is-layout-constrained wp-block-group-is-layout-constrained\">\n<h3 class=\"wp-block-heading has-rougemoyen-color has-text-color has-link-color wp-elements-df9b61806aec818a670870c9aa122712\">Pass Campus and student discounts<\/h3>\n<\/div>\n\n\n\n<div class=\"wp-block-columns is-layout-flex wp-container-core-columns-is-layout-28f84493 wp-block-columns-is-layout-flex\">\n<div class=\"wp-block-column is-layout-flow wp-block-column-is-layout-flow\">\n<p>The <a href=\"https:\/\/www.passcampus.fr\/etudiant\/\" target=\"_blank\" rel=\"noreferrer noopener\"><mark style=\"background-color:rgba(0, 0, 0, 0)\" class=\"has-inline-color has-rouge-color\">Pass Campus Alsace<\/mark><\/a> is your all-in-one student card. It provides access to university libraries, sports activities, and functions as an electronic wallet for services like photocopies and meals at university restaurants.  <\/p>\n<\/div>\n\n\n\n<div class=\"wp-block-column is-layout-flow wp-block-column-is-layout-flow\" style=\"flex-basis:40%\">\n<figure class=\"wp-block-image size-full\"><img loading=\"lazy\" decoding=\"async\" width=\"274\" height=\"150\" src=\"https:\/\/www.alsace.com\/wp-content\/uploads\/2024\/11\/pass-campus.png\" alt=\"\" class=\"wp-image-2009\"\/><\/figure>\n<\/div>\n<\/div>\n\n\n\n<p>The card also includes the <a href=\"https:\/\/www.carte-culture.org\/fr\/\" target=\"_blank\" rel=\"noreferrer noopener\"><mark style=\"background-color:rgba(0, 0, 0, 0)\" class=\"has-inline-color has-rouge-color\">Carte Culture<\/mark><\/a>, offering students discounted prices with over 80 cultural partners across Alsace, covering concerts, shows, cinemas, museums, and more. It features a special cultural program on campuses and partner venues throughout the academic year, with unique events and workshops.<\/p>\n\n\n\n<p>For more travel and deals, consider the <a href=\"https:\/\/cartejeunes.fr\/\" target=\"_blank\" rel=\"noreferrer noopener\"><mark style=\"background-color:rgba(0, 0, 0, 0)\" class=\"has-inline-color has-rouge-color\">European Youth Card<\/mark><\/a>, which provides access to over 60,000 discounts across France and Europe, including cultural events, mobility, accommodation, and more. <\/p>\n\n\n\n<div style=\"height:10px\" aria-hidden=\"true\" class=\"wp-block-spacer\"><\/div>\n\n\n\n<h3 class=\"wp-block-heading has-rougemoyen-color has-text-color has-link-color wp-elements-8707984eebf131445334d30b9eec7219\">Transportation<\/h3>\n\n\n\n<p>Discover all the essential information on our dedicated page!<\/p>\n\n\n\n<div class=\"wp-block-buttons is-layout-flex wp-block-buttons-is-layout-flex\">\n<div class=\"wp-block-button is-style-btn--jaune\"><a class=\"wp-block-button__link wp-element-button\" href=\"https:\/\/www.alsace.com\/en\/live-and-work-in-alsace\/mobility-and-accessibility\/\">Mobility and accessibility<\/a><\/div>\n<\/div>\n\n\n\n<div style=\"height:25px\" aria-hidden=\"true\" class=\"wp-block-spacer\"><\/div>\n\n\n\n<div class=\"wp-block-group alignfull has-grisclair-background-color has-background is-layout-constrained wp-block-group-is-layout-constrained\">\n<h2 class=\"wp-block-heading\">Student life and leisure<\/h2>\n\n\n\n<p>Amidst classes and exams, it&#8217;s crucial to set aside some time for relaxation! Studying in Alsace allows you to enjoy a balanced academic experience and an excellent quality of life in a vibrant atmosphere.<\/p>\n\n\n\n<figure class=\"wp-block-image size-large\"><img loading=\"lazy\" decoding=\"async\" width=\"1024\" height=\"576\" src=\"https:\/\/www.alsace.com\/wp-content\/uploads\/2024\/11\/RS37974_bibliotheque_etudiant_4451-edited-1024x576.jpg\" alt=\"\u00e9tudiant endormi dans une biblioth\u00e8que\" class=\"wp-image-2014\" srcset=\"https:\/\/www.alsace.com\/wp-content\/uploads\/2024\/11\/RS37974_bibliotheque_etudiant_4451-edited-1024x576.jpg 1024w, https:\/\/www.alsace.com\/wp-content\/uploads\/2024\/11\/RS37974_bibliotheque_etudiant_4451-edited-300x169.jpg 300w, https:\/\/www.alsace.com\/wp-content\/uploads\/2024\/11\/RS37974_bibliotheque_etudiant_4451-edited-768x432.jpg 768w, https:\/\/www.alsace.com\/wp-content\/uploads\/2024\/11\/RS37974_bibliotheque_etudiant_4451-edited-1536x863.jpg 1536w, https:\/\/www.alsace.com\/wp-content\/uploads\/2024\/11\/RS37974_bibliotheque_etudiant_4451-edited-2048x1151.jpg 2048w\" sizes=\"auto, (max-width: 1024px) 100vw, 1024px\" \/><figcaption class=\"wp-element-caption\">Cr\u00e9dit photo&nbsp;: Universit\u00e9 de Strasbourg<\/figcaption><\/figure>\n\n\n\n<p>Find out all about cultural and social life in Alsace on our dedicated page!<\/p>\n\n\n\n<div class=\"wp-block-buttons is-layout-flex wp-block-buttons-is-layout-flex\">\n<div class=\"wp-block-button is-style-btn--jaune\"><a class=\"wp-block-button__link wp-element-button\" href=\"https:\/\/www.alsace.com\/en\/live-and-work-in-alsace\/cultural-artistic-community-life\/\">Cultural, artistic and community life<\/a><\/div>\n<\/div>\n\n\n\n<div style=\"height:10px\" aria-hidden=\"true\" class=\"wp-block-spacer\"><\/div>\n\n\n\n<h3 class=\"wp-block-heading has-rougemoyen-color has-text-color has-link-color wp-elements-f51ff02a88ef07ff5c729e483a7b84ee\">Physical and sporting activities<\/h3>\n\n\n\n<p>Looking to release some energy? Take advantage of the various sports opportunities available! Numerous facilities across the region\u2014gyms, stadiums, swimming pools, and more\u2014offer affordable access to sports activities.  <\/p>\n\n\n\n<p>The SUAPS (University Service for Physical and Sporting Activities) provides a wide range of sports accessible to all students for just \u20ac15 per year. Plus, it&#8217;s free for recent high school graduates and scholarship recipients. <\/p>\n\n\n\n<blockquote class=\"wp-block-quote is-layout-flow wp-block-quote-is-layout-flow\">\n<p><a href=\"https:\/\/www.uha.fr\/fr\/vie-universitaire-1\/sport.html\" target=\"_blank\" rel=\"noreferrer noopener\"><mark style=\"background-color:rgba(0, 0, 0, 0)\" class=\"has-inline-color has-rouge-color\">Sports at the University of Haute-Alsace<\/mark><\/a><br><a href=\"https:\/\/sport.unistra.fr\/\" target=\"_blank\" rel=\"noreferrer noopener\"><mark style=\"background-color:rgba(0, 0, 0, 0)\" class=\"has-inline-color has-rouge-color\">Sports at the University of Strasbourg<\/mark><\/a><\/p>\n\n\n\n<p>For information on activities open to the general public, check out our dedicated page:<\/p>\n\n\n\n<div class=\"wp-block-buttons is-layout-flex wp-block-buttons-is-layout-flex\">\n<div class=\"wp-block-button is-style-btn--vert\"><a class=\"wp-block-button__link wp-element-button\" href=\"https:\/\/www.alsace.com\/en\/explore-and-experience-alsace\/outdoor-activities\/\">Leisure &amp; outdoors in Alsace<\/a><\/div>\n<\/div>\n<\/blockquote>\n\n\n\n<div style=\"height:10px\" aria-hidden=\"true\" class=\"wp-block-spacer\"><\/div>\n\n\n\n<h3 class=\"wp-block-heading has-rougemoyen-color has-text-color has-link-color wp-elements-7d9317bba0b7036b74a950ebad9baecf\">Student associations and clubs<\/h3>\n\n\n\n<p>Alsatian universities have a vibrant associative culture. <a href=\"https:\/\/www.letudiant.fr\/lifestyle\/engagement-et-vie-associative.html\" target=\"_blank\" rel=\"noreferrer noopener\"><mark style=\"background-color:rgba(0, 0, 0, 0)\" class=\"has-inline-color has-rouge-color\">Student associations and clubs<\/mark><\/a> play an active role in enriching university life. Run by dedicated volunteers, they offer: <\/p>\n\n\n\n<ul class=\"wp-block-list\">\n<li>A variety of services: photocopying, exam archives, cafeterias, and more.<\/li>\n\n\n\n<li>Unforgettable social experiences: parties, concerts, and events.<\/li>\n\n\n\n<li>A range of cultural and sporting activities.<\/li>\n\n\n\n<li>Civic engagement opportunities (humanitarian work, sustainable development) and educational initiatives: conferences, forums, and discussions.<\/li>\n<\/ul>\n\n\n\n<figure class=\"wp-block-image size-large\"><img loading=\"lazy\" decoding=\"async\" width=\"1024\" height=\"576\" src=\"https:\/\/www.alsace.com\/wp-content\/uploads\/2024\/11\/RS46481-edited-1024x576.jpg\" alt=\"\u00e9tudiants en travail de groupe \u00e0 l'universit\u00e9\" class=\"wp-image-2018\" srcset=\"https:\/\/www.alsace.com\/wp-content\/uploads\/2024\/11\/RS46481-edited-1024x576.jpg 1024w, https:\/\/www.alsace.com\/wp-content\/uploads\/2024\/11\/RS46481-edited-300x169.jpg 300w, https:\/\/www.alsace.com\/wp-content\/uploads\/2024\/11\/RS46481-edited-768x432.jpg 768w, https:\/\/www.alsace.com\/wp-content\/uploads\/2024\/11\/RS46481-edited-1536x863.jpg 1536w, https:\/\/www.alsace.com\/wp-content\/uploads\/2024\/11\/RS46481-edited-2048x1151.jpg 2048w\" sizes=\"auto, (max-width: 1024px) 100vw, 1024px\" \/><figcaption class=\"wp-element-caption\">Cr\u00e9dit photo&nbsp;: Universit\u00e9 de Strasbourg<\/figcaption><\/figure>\n\n\n\n<p>For even more information on leisure activities and outings, visit our dedicated section:<\/p>\n\n\n\n<div class=\"wp-block-buttons is-layout-flex wp-block-buttons-is-layout-flex\">\n<div class=\"wp-block-button is-style-btn--vert\"><a class=\"wp-block-button__link wp-element-button\" href=\"https:\/\/www.alsace.com\/en\/explore-and-experience-alsace\/\">Explore &amp; experience Alsace<\/a><\/div>\n<\/div>\n\n\n\n<div style=\"height:25px\" aria-hidden=\"true\" class=\"wp-block-spacer\"><\/div>\n<\/div>","protected":false},"excerpt":{"rendered":"<p>Looking for useful information and ways to get organized for your upcoming studies&nbsp;? Explore our practical tips and smart ideas to make your student life in Alsace easier. For even more details on how to settle in Alsace, be sure to check out our dedicated pages, in addition to this section focused on student life. [&hellip;]<\/p>","protected":false},"author":2,"featured_media":0,"parent":1470,"menu_order":0,"comment_status":"closed","ping_status":"closed","template":"","meta":{"_acf_changed":false,"footnotes":""},"class_list":["post-1523","page","type-page","status-publish","hentry"],"acf":[],"yoast_head":"<!-- This site is optimized with the Yoast SEO plugin v27.3 - https:\/\/yoast.com\/product\/yoast-seo-wordpress\/ -->\n<title>Student life  - Imagine Alsace<\/title>\n<meta name=\"robots\" content=\"index, follow, max-snippet:-1, max-image-preview:large, max-video-preview:-1\" \/>\n<link rel=\"canonical\" href=\"https:\/\/www.alsace.com\/en\/learn-and-study-in-alsace\/higher-education\/student-life\/\" \/>\n<meta property=\"og:locale\" content=\"en_US\" \/>\n<meta property=\"og:type\" content=\"article\" \/>\n<meta property=\"og:title\" content=\"Student &lt;span&gt;life&lt;\/span&gt; - Imagine Alsace\" \/>\n<meta property=\"og:description\" content=\"Looking for useful information and ways to get organized for your upcoming studies&nbsp;? Explore our practical tips and smart ideas to make your student life in Alsace easier. For even more details on how to settle in Alsace, be sure to check out our dedicated pages, in addition to this section focused on student life. [&hellip;]\" \/>\n<meta property=\"og:url\" content=\"https:\/\/www.alsace.com\/en\/learn-and-study-in-alsace\/higher-education\/student-life\/\" \/>\n<meta property=\"og:site_name\" content=\"Imagine Alsace\" \/>\n<meta property=\"article:modified_time\" content=\"2025-12-03T10:21:21+00:00\" \/>\n<meta property=\"og:image\" content=\"https:\/\/www.alsace.com\/wp-content\/uploads\/2024\/11\/logo-crous-strasbourg.jpg\" \/>\n\t<meta property=\"og:image:width\" content=\"1181\" \/>\n\t<meta property=\"og:image:height\" content=\"1181\" \/>\n\t<meta property=\"og:image:type\" content=\"image\/jpeg\" \/>\n<meta name=\"twitter:card\" content=\"summary_large_image\" \/>\n<meta name=\"twitter:label1\" content=\"Est. reading time\" \/>\n\t<meta name=\"twitter:data1\" content=\"4 minutes\" \/>\n<script type=\"application\/ld+json\" class=\"yoast-schema-graph\">{\"@context\":\"https:\\\/\\\/schema.org\",\"@graph\":[{\"@type\":\"WebPage\",\"@id\":\"https:\\\/\\\/www.alsace.com\\\/en\\\/learn-and-study-in-alsace\\\/higher-education\\\/student-life\\\/\",\"url\":\"https:\\\/\\\/www.alsace.com\\\/en\\\/learn-and-study-in-alsace\\\/higher-education\\\/student-life\\\/\",\"name\":\"Student &lt;span&gt;life&lt;\\\/span&gt; - Imagine Alsace\",\"isPartOf\":{\"@id\":\"https:\\\/\\\/www.alsace.com\\\/en\\\/#website\"},\"primaryImageOfPage\":{\"@id\":\"https:\\\/\\\/www.alsace.com\\\/en\\\/learn-and-study-in-alsace\\\/higher-education\\\/student-life\\\/#primaryimage\"},\"image\":{\"@id\":\"https:\\\/\\\/www.alsace.com\\\/en\\\/learn-and-study-in-alsace\\\/higher-education\\\/student-life\\\/#primaryimage\"},\"thumbnailUrl\":\"https:\\\/\\\/www.alsace.com\\\/wp-content\\\/uploads\\\/2024\\\/11\\\/logo-crous-strasbourg-1024x1024.jpg\",\"datePublished\":\"2024-04-15T09:25:00+00:00\",\"dateModified\":\"2025-12-03T10:21:21+00:00\",\"breadcrumb\":{\"@id\":\"https:\\\/\\\/www.alsace.com\\\/en\\\/learn-and-study-in-alsace\\\/higher-education\\\/student-life\\\/#breadcrumb\"},\"inLanguage\":\"en-US\",\"potentialAction\":[{\"@type\":\"ReadAction\",\"target\":[\"https:\\\/\\\/www.alsace.com\\\/en\\\/learn-and-study-in-alsace\\\/higher-education\\\/student-life\\\/\"]}]},{\"@type\":\"ImageObject\",\"inLanguage\":\"en-US\",\"@id\":\"https:\\\/\\\/www.alsace.com\\\/en\\\/learn-and-study-in-alsace\\\/higher-education\\\/student-life\\\/#primaryimage\",\"url\":\"https:\\\/\\\/www.alsace.com\\\/wp-content\\\/uploads\\\/2024\\\/11\\\/logo-crous-strasbourg-1024x1024.jpg\",\"contentUrl\":\"https:\\\/\\\/www.alsace.com\\\/wp-content\\\/uploads\\\/2024\\\/11\\\/logo-crous-strasbourg-1024x1024.jpg\"},{\"@type\":\"BreadcrumbList\",\"@id\":\"https:\\\/\\\/www.alsace.com\\\/en\\\/learn-and-study-in-alsace\\\/higher-education\\\/student-life\\\/#breadcrumb\",\"itemListElement\":[{\"@type\":\"ListItem\",\"position\":1,\"name\":\"Home\",\"item\":\"https:\\\/\\\/www.alsace.com\\\/en\\\/\"},{\"@type\":\"ListItem\",\"position\":2,\"name\":\"Learn and study in Alsace\",\"item\":\"https:\\\/\\\/www.alsace.com\\\/en\\\/learn-and-study-in-alsace\\\/\"},{\"@type\":\"ListItem\",\"position\":3,\"name\":\"Higher education\",\"item\":\"https:\\\/\\\/www.alsace.com\\\/en\\\/learn-and-study-in-alsace\\\/higher-education\\\/\"},{\"@type\":\"ListItem\",\"position\":4,\"name\":\"Student life\"}]},{\"@type\":\"WebSite\",\"@id\":\"https:\\\/\\\/www.alsace.com\\\/en\\\/#website\",\"url\":\"https:\\\/\\\/www.alsace.com\\\/en\\\/\",\"name\":\"Imagine Alsace\",\"description\":\"For your life &amp; business\",\"publisher\":{\"@id\":\"https:\\\/\\\/www.alsace.com\\\/en\\\/#organization\"},\"potentialAction\":[{\"@type\":\"SearchAction\",\"target\":{\"@type\":\"EntryPoint\",\"urlTemplate\":\"https:\\\/\\\/www.alsace.com\\\/en\\\/?s={search_term_string}\"},\"query-input\":{\"@type\":\"PropertyValueSpecification\",\"valueRequired\":true,\"valueName\":\"search_term_string\"}}],\"inLanguage\":\"en-US\"},{\"@type\":\"Organization\",\"@id\":\"https:\\\/\\\/www.alsace.com\\\/en\\\/#organization\",\"name\":\"Imagine Alsace\",\"url\":\"https:\\\/\\\/www.alsace.com\\\/en\\\/\",\"logo\":{\"@type\":\"ImageObject\",\"inLanguage\":\"en-US\",\"@id\":\"https:\\\/\\\/www.alsace.com\\\/en\\\/#\\\/schema\\\/logo\\\/image\\\/\",\"url\":\"https:\\\/\\\/www.alsace.com\\\/wp-content\\\/uploads\\\/2024\\\/08\\\/logo-imagine-alsace.svg\",\"contentUrl\":\"https:\\\/\\\/www.alsace.com\\\/wp-content\\\/uploads\\\/2024\\\/08\\\/logo-imagine-alsace.svg\",\"width\":166,\"height\":82,\"caption\":\"Imagine Alsace\"},\"image\":{\"@id\":\"https:\\\/\\\/www.alsace.com\\\/en\\\/#\\\/schema\\\/logo\\\/image\\\/\"}}]}<\/script>\n<!-- \/ Yoast SEO plugin. -->","yoast_head_json":{"title":"Student life  - Imagine Alsace","robots":{"index":"index","follow":"follow","max-snippet":"max-snippet:-1","max-image-preview":"max-image-preview:large","max-video-preview":"max-video-preview:-1"},"canonical":"https:\/\/www.alsace.com\/en\/learn-and-study-in-alsace\/higher-education\/student-life\/","og_locale":"en_US","og_type":"article","og_title":"Student &lt;span&gt;life&lt;\/span&gt; - Imagine Alsace","og_description":"Looking for useful information and ways to get organized for your upcoming studies&nbsp;? Explore our practical tips and smart ideas to make your student life in Alsace easier. For even more details on how to settle in Alsace, be sure to check out our dedicated pages, in addition to this section focused on student life. [&hellip;]","og_url":"https:\/\/www.alsace.com\/en\/learn-and-study-in-alsace\/higher-education\/student-life\/","og_site_name":"Imagine Alsace","article_modified_time":"2025-12-03T10:21:21+00:00","og_image":[{"width":1181,"height":1181,"url":"https:\/\/www.alsace.com\/wp-content\/uploads\/2024\/11\/logo-crous-strasbourg.jpg","type":"image\/jpeg"}],"twitter_card":"summary_large_image","twitter_misc":{"Est. reading time":"4 minutes"},"schema":{"@context":"https:\/\/schema.org","@graph":[{"@type":"WebPage","@id":"https:\/\/www.alsace.com\/en\/learn-and-study-in-alsace\/higher-education\/student-life\/","url":"https:\/\/www.alsace.com\/en\/learn-and-study-in-alsace\/higher-education\/student-life\/","name":"Student &lt;span&gt;life&lt;\/span&gt; - Imagine Alsace","isPartOf":{"@id":"https:\/\/www.alsace.com\/en\/#website"},"primaryImageOfPage":{"@id":"https:\/\/www.alsace.com\/en\/learn-and-study-in-alsace\/higher-education\/student-life\/#primaryimage"},"image":{"@id":"https:\/\/www.alsace.com\/en\/learn-and-study-in-alsace\/higher-education\/student-life\/#primaryimage"},"thumbnailUrl":"https:\/\/www.alsace.com\/wp-content\/uploads\/2024\/11\/logo-crous-strasbourg-1024x1024.jpg","datePublished":"2024-04-15T09:25:00+00:00","dateModified":"2025-12-03T10:21:21+00:00","breadcrumb":{"@id":"https:\/\/www.alsace.com\/en\/learn-and-study-in-alsace\/higher-education\/student-life\/#breadcrumb"},"inLanguage":"en-US","potentialAction":[{"@type":"ReadAction","target":["https:\/\/www.alsace.com\/en\/learn-and-study-in-alsace\/higher-education\/student-life\/"]}]},{"@type":"ImageObject","inLanguage":"en-US","@id":"https:\/\/www.alsace.com\/en\/learn-and-study-in-alsace\/higher-education\/student-life\/#primaryimage","url":"https:\/\/www.alsace.com\/wp-content\/uploads\/2024\/11\/logo-crous-strasbourg-1024x1024.jpg","contentUrl":"https:\/\/www.alsace.com\/wp-content\/uploads\/2024\/11\/logo-crous-strasbourg-1024x1024.jpg"},{"@type":"BreadcrumbList","@id":"https:\/\/www.alsace.com\/en\/learn-and-study-in-alsace\/higher-education\/student-life\/#breadcrumb","itemListElement":[{"@type":"ListItem","position":1,"name":"Home","item":"https:\/\/www.alsace.com\/en\/"},{"@type":"ListItem","position":2,"name":"Learn and study in Alsace","item":"https:\/\/www.alsace.com\/en\/learn-and-study-in-alsace\/"},{"@type":"ListItem","position":3,"name":"Higher education","item":"https:\/\/www.alsace.com\/en\/learn-and-study-in-alsace\/higher-education\/"},{"@type":"ListItem","position":4,"name":"Student life"}]},{"@type":"WebSite","@id":"https:\/\/www.alsace.com\/en\/#website","url":"https:\/\/www.alsace.com\/en\/","name":"Imagine Alsace","description":"For your life &amp; business","publisher":{"@id":"https:\/\/www.alsace.com\/en\/#organization"},"potentialAction":[{"@type":"SearchAction","target":{"@type":"EntryPoint","urlTemplate":"https:\/\/www.alsace.com\/en\/?s={search_term_string}"},"query-input":{"@type":"PropertyValueSpecification","valueRequired":true,"valueName":"search_term_string"}}],"inLanguage":"en-US"},{"@type":"Organization","@id":"https:\/\/www.alsace.com\/en\/#organization","name":"Imagine Alsace","url":"https:\/\/www.alsace.com\/en\/","logo":{"@type":"ImageObject","inLanguage":"en-US","@id":"https:\/\/www.alsace.com\/en\/#\/schema\/logo\/image\/","url":"https:\/\/www.alsace.com\/wp-content\/uploads\/2024\/08\/logo-imagine-alsace.svg","contentUrl":"https:\/\/www.alsace.com\/wp-content\/uploads\/2024\/08\/logo-imagine-alsace.svg","width":166,"height":82,"caption":"Imagine Alsace"},"image":{"@id":"https:\/\/www.alsace.com\/en\/#\/schema\/logo\/image\/"}}]}},"_links":{"self":[{"href":"https:\/\/www.alsace.com\/en\/wp-json\/wp\/v2\/pages\/1523","targetHints":{"allow":["GET"]}}],"collection":[{"href":"https:\/\/www.alsace.com\/en\/wp-json\/wp\/v2\/pages"}],"about":[{"href":"https:\/\/www.alsace.com\/en\/wp-json\/wp\/v2\/types\/page"}],"author":[{"embeddable":true,"href":"https:\/\/www.alsace.com\/en\/wp-json\/wp\/v2\/users\/2"}],"replies":[{"embeddable":true,"href":"https:\/\/www.alsace.com\/en\/wp-json\/wp\/v2\/comments?post=1523"}],"version-history":[{"count":9,"href":"https:\/\/www.alsace.com\/en\/wp-json\/wp\/v2\/pages\/1523\/revisions"}],"predecessor-version":[{"id":5047,"href":"https:\/\/www.alsace.com\/en\/wp-json\/wp\/v2\/pages\/1523\/revisions\/5047"}],"up":[{"embeddable":true,"href":"https:\/\/www.alsace.com\/en\/wp-json\/wp\/v2\/pages\/1470"}],"wp:attachment":[{"href":"https:\/\/www.alsace.com\/en\/wp-json\/wp\/v2\/media?parent=1523"}],"curies":[{"name":"wp","href":"https:\/\/api.w.org\/{rel}","templated":true}]}}